{"id":903,"date":"2023-04-13T11:32:56","date_gmt":"2023-04-13T09:32:56","guid":{"rendered":"https:\/\/acg.se\/koncernbolag-globalt\/"},"modified":"2023-05-04T09:57:50","modified_gmt":"2023-05-04T07:57:50","slug":"global-companies","status":"publish","type":"page","link":"https:\/\/acg.se\/en\/global-companies\/","title":{"rendered":"Global Companies"},"content":{"rendered":"<style>\/*! elementor - v3.12.2 - 23-04-2023 *\/\n.elementor-heading-title{padding:0;margin:0;line-height:1}.elementor-widget-heading .elementor-heading-title[class*=elementor-size-]>a{color:inherit;font-size:inherit;line-height:inherit}.elementor-widget-heading .elementor-heading-title.elementor-size-small{font-size:15px}.elementor-widget-heading .elementor-heading-title.elementor-size-medium{font-size:19px}.elementor-widget-heading .elementor-heading-title.elementor-size-large{font-size:29px}.elementor-widget-heading .elementor-heading-title.elementor-size-xl{font-size:39px}.elementor-widget-heading .elementor-heading-title.elementor-size-xxl{font-size:59px}<\/style>\n<h1>Global Companies<br \/>\n<\/h1>\n<style>\/*! elementor - v3.12.2 - 23-04-2023 *\/\n.elementor-widget-image-box .elementor-image-box-content{width:100%}@media (min-width:768px){.elementor-widget-image-box.elementor-position-left .elementor-image-box-wrapper,.elementor-widget-image-box.elementor-position-right .elementor-image-box-wrapper{display:flex}.elementor-widget-image-box.elementor-position-right .elementor-image-box-wrapper{text-align:right;flex-direction:row-reverse}.elementor-widget-image-box.elementor-position-left .elementor-image-box-wrapper{text-align:left;flex-direction:row}.elementor-widget-image-box.elementor-position-top .elementor-image-box-img{margin:auto}.elementor-widget-image-box.elementor-vertical-align-top .elementor-image-box-wrapper{align-items:flex-start}.elementor-widget-image-box.elementor-vertical-align-middle .elementor-image-box-wrapper{align-items:center}.elementor-widget-image-box.elementor-vertical-align-bottom .elementor-image-box-wrapper{align-items:flex-end}}@media (max-width:767px){.elementor-widget-image-box .elementor-image-box-img{margin-left:auto!important;margin-right:auto!important;margin-bottom:15px}}.elementor-widget-image-box .elementor-image-box-img{display:inline-block}.elementor-widget-image-box .elementor-image-box-title a{color:inherit}.elementor-widget-image-box .elementor-image-box-wrapper{text-align:center}.elementor-widget-image-box .elementor-image-box-description{margin:0}<\/style>\n<figure><img decoding=\"async\" width=\"99\" height=\"66\" src=\"https:\/\/acg.se\/wp-content\/uploads\/DK.svg\" alt=\"\" loading=\"lazy\" \/><\/figure>\n<p>ACG Nystr\u00f6m Aps Ikast, Denmark<\/p>\n<p><a href=\"https:\/\/www.acgnystrom.dk\/\" target=\"_blank\" rel=\"noopener\">www.acgnystrom.dk<\/a><\/p>\n<figure><img decoding=\"async\" width=\"99\" height=\"66\" src=\"https:\/\/acg.se\/wp-content\/uploads\/FI.svg\" alt=\"\" loading=\"lazy\" \/><\/figure>\n<p>ACG Nystr\u00f6m Oy Helsinki, Finland<\/p>\n<p><a href=\"https:\/\/www.acgnystrom.fi\/\" target=\"_blank\" rel=\"noopener\">www.acgnystrom.fi<\/a><\/p>\n<style>\/*! elementor - v3.12.2 - 23-04-2023 *\/\n.elementor-widget-divider{--divider-border-style:none;--divider-border-width:1px;--divider-color:#0c0d0e;--divider-icon-size:20px;--divider-element-spacing:10px;--divider-pattern-height:24px;--divider-pattern-size:20px;--divider-pattern-url:none;--divider-pattern-repeat:repeat-x}.elementor-widget-divider .elementor-divider{display:flex}.elementor-widget-divider .elementor-divider__text{font-size:15px;line-height:1;max-width:95%}.elementor-widget-divider .elementor-divider__element{margin:0 var(--divider-element-spacing);flex-shrink:0}.elementor-widget-divider .elementor-icon{font-size:var(--divider-icon-size)}.elementor-widget-divider .elementor-divider-separator{display:flex;margin:0;direction:ltr}.elementor-widget-divider--view-line_icon .elementor-divider-separator,.elementor-widget-divider--view-line_text .elementor-divider-separator{align-items:center}.elementor-widget-divider--view-line_icon .elementor-divider-separator:after,.elementor-widget-divider--view-line_icon .elementor-divider-separator:before,.elementor-widget-divider--view-line_text .elementor-divider-separator:after,.elementor-widget-divider--view-line_text .elementor-divider-separator:before{display:block;content:\"\";border-bottom:0;flex-grow:1;border-top:var(--divider-border-width) var(--divider-border-style) var(--divider-color)}.elementor-widget-divider--element-align-left .elementor-divider .elementor-divider-separator>.elementor-divider__svg:first-of-type{flex-grow:0;flex-shrink:100}.elementor-widget-divider--element-align-left .elementor-divider-separator:before{content:none}.elementor-widget-divider--element-align-left .elementor-divider__element{margin-left:0}.elementor-widget-divider--element-align-right .elementor-divider .elementor-divider-separator>.elementor-divider__svg:last-of-type{flex-grow:0;flex-shrink:100}.elementor-widget-divider--element-align-right .elementor-divider-separator:after{content:none}.elementor-widget-divider--element-align-right .elementor-divider__element{margin-right:0}.elementor-widget-divider:not(.elementor-widget-divider--view-line_text):not(.elementor-widget-divider--view-line_icon) .elementor-divider-separator{border-top:var(--divider-border-width) var(--divider-border-style) var(--divider-color)}.elementor-widget-divider--separator-type-pattern{--divider-border-style:none}.elementor-widget-divider--separator-type-pattern.elementor-widget-divider--view-line .elementor-divider-separator,.elementor-widget-divider--separator-type-pattern:not(.elementor-widget-divider--view-line) .elementor-divider-separator:after,.elementor-widget-divider--separator-type-pattern:not(.elementor-widget-divider--view-line) .elementor-divider-separator:before,.elementor-widget-divider--separator-type-pattern:not([class*=elementor-widget-divider--view]) .elementor-divider-separator{width:100%;min-height:var(--divider-pattern-height);-webkit-mask-size:var(--divider-pattern-size) 100%;mask-size:var(--divider-pattern-size) 100%;-webkit-mask-repeat:var(--divider-pattern-repeat);mask-repeat:var(--divider-pattern-repeat);background-color:var(--divider-color);-webkit-mask-image:var(--divider-pattern-url);mask-image:var(--divider-pattern-url)}.elementor-widget-divider--no-spacing{--divider-pattern-size:auto}.elementor-widget-divider--bg-round{--divider-pattern-repeat:round}.rtl .elementor-widget-divider .elementor-divider__text{direction:rtl}.e-con-inner>.elementor-widget-divider,.e-con>.elementor-widget-divider{width:var(--container-widget-width,100%);--flex-grow:var(--container-widget-flex-grow)}<\/style>\n<figure><img decoding=\"async\" width=\"99\" height=\"66\" src=\"https:\/\/acg.se\/wp-content\/uploads\/EST.svg\" alt=\"\" loading=\"lazy\" \/><\/figure>\n<p>ACG Nystr\u00f6m Eesti Ou Tallinn, Estonia<\/p>\n<p><a href=\"http:\/\/www.acgn.ee\/about-us\/\" target=\"_blank\" rel=\"noopener\">www.acgn.ee<\/a><\/p>\n<figure><img decoding=\"async\" width=\"99\" height=\"66\" src=\"https:\/\/acg.se\/wp-content\/uploads\/LET.svg\" alt=\"\" loading=\"lazy\" \/><\/figure>\n<p>ACG Nystr\u00f6m Ltd Riga, Latvia<\/p>\n<p><a href=\"http:\/\/www.acg.lv\/\" target=\"_blank\" rel=\"noopener\">www.acg.lv<\/a><\/p>\n<figure><img decoding=\"async\" width=\"99\" height=\"66\" src=\"https:\/\/acg.se\/wp-content\/uploads\/LIT.svg\" alt=\"\" loading=\"lazy\" \/><\/figure>\n<p>UAB ACG Nystr\u00f6m Kaunas, Lithuania<\/p>\n<p><a href=\"https:\/\/www.acgnystrom.lt\/\" target=\"_blank\" rel=\"noopener\">www.acgnystrom.lt<\/a><\/p>\n<figure><img decoding=\"async\" width=\"99\" height=\"66\" src=\"https:\/\/acg.se\/wp-content\/uploads\/UKA.svg\" alt=\"\" loading=\"lazy\" \/><\/figure>\n<p>LLC ACG Nystr\u00f6m Lviv, Ukraine<\/p>\n<p><a href=\"https:\/\/www.acg.net.ua\/\" target=\"_blank\" rel=\"noopener\">www.acg.net.ua<\/a><\/p>\n<figure><img decoding=\"async\" width=\"99\" height=\"66\" src=\"https:\/\/acg.se\/wp-content\/uploads\/HK.svg\" alt=\"\" loading=\"lazy\" \/><\/figure>\n<p>ACG Accent Ltd Kwai Chung, Hong Kong<\/p>\n<p><a href=\"https:\/\/acgaccent.hk\" target=\"_blank\" rel=\"noopener\">www.acgaccent.hk<\/a><\/p>\n","protected":false},"excerpt":{"rendered":"<p>Global Companies ACG Nystr\u00f6m Aps Ikast, Denmark www.acgnystrom.dk ACG Nystr\u00f6m Oy Helsinki, Finland www.acgnystrom.fi ACG Nystr\u00f6m Eesti Ou Tallinn, Estonia www.acgn.ee ACG Nystr\u00f6m Ltd Riga, Latvia www.acg.lv UAB ACG Nystr\u00f6m Kaunas, Lithuania www.acgnystrom.lt LLC ACG Nystr\u00f6m Lviv, Ukraine www.acg.net.ua ACG Accent Ltd Kwai Chung, Hong Kong www.acgaccent.hk<\/p>\n","protected":false},"author":1,"featured_media":0,"parent":0,"menu_order":0,"comment_status":"closed","ping_status":"closed","template":"","meta":{"footnotes":""},"class_list":["post-903","page","type-page","status-publish","hentry"],"yoast_head":"<!-- This site is optimized with the Yoast SEO plugin v20.7 - https:\/\/yoast.com\/wordpress\/plugins\/seo\/ -->\n<title>Global Companies - ACG Gruppen<\/title>\n<meta name=\"robots\" content=\"index, follow, max-snippet:-1, max-image-preview:large, max-video-preview:-1\" \/>\n<link rel=\"canonical\" href=\"https:\/\/acg.se\/en\/global-companies\/\" \/>\n<meta property=\"og:locale\" content=\"en_US\" \/>\n<meta property=\"og:type\" content=\"article\" \/>\n<meta property=\"og:title\" content=\"Global Companies - ACG Gruppen\" \/>\n<meta property=\"og:description\" content=\"Global Companies ACG Nystr\u00f6m Aps Ikast, Denmark www.acgnystrom.dk ACG Nystr\u00f6m Oy Helsinki, Finland www.acgnystrom.fi ACG Nystr\u00f6m Eesti Ou Tallinn, Estonia www.acgn.ee ACG Nystr\u00f6m Ltd Riga, Latvia www.acg.lv UAB ACG Nystr\u00f6m Kaunas, Lithuania www.acgnystrom.lt LLC ACG Nystr\u00f6m Lviv, Ukraine www.acg.net.ua ACG Accent Ltd Kwai Chung, Hong Kong www.acgaccent.hk\" \/>\n<meta property=\"og:url\" content=\"https:\/\/acg.se\/en\/global-companies\/\" \/>\n<meta property=\"og:site_name\" content=\"ACG Gruppen\" \/>\n<meta property=\"article:modified_time\" content=\"2023-05-04T07:57:50+00:00\" \/>\n<meta property=\"og:image\" content=\"https:\/\/acg.se\/wp-content\/uploads\/DK.svg\" \/>\n<meta name=\"twitter:card\" content=\"summary_large_image\" \/>\n<script type=\"application\/ld+json\" class=\"yoast-schema-graph\">{\"@context\":\"https:\/\/schema.org\",\"@graph\":[{\"@type\":\"WebPage\",\"@id\":\"https:\/\/acg.se\/en\/global-companies\/\",\"url\":\"https:\/\/acg.se\/en\/global-companies\/\",\"name\":\"Global Companies - ACG Gruppen\",\"isPartOf\":{\"@id\":\"https:\/\/acg.se\/#website\"},\"datePublished\":\"2023-04-13T09:32:56+00:00\",\"dateModified\":\"2023-05-04T07:57:50+00:00\",\"breadcrumb\":{\"@id\":\"https:\/\/acg.se\/en\/global-companies\/#breadcrumb\"},\"inLanguage\":\"en-US\",\"potentialAction\":[{\"@type\":\"ReadAction\",\"target\":[\"https:\/\/acg.se\/en\/global-companies\/\"]}]},{\"@type\":\"BreadcrumbList\",\"@id\":\"https:\/\/acg.se\/en\/global-companies\/#breadcrumb\",\"itemListElement\":[{\"@type\":\"ListItem\",\"position\":1,\"name\":\"Hem\",\"item\":\"https:\/\/acg.se\/en\/\"},{\"@type\":\"ListItem\",\"position\":2,\"name\":\"Global Companies\"}]},{\"@type\":\"WebSite\",\"@id\":\"https:\/\/acg.se\/#website\",\"url\":\"https:\/\/acg.se\/\",\"name\":\"ACG Gruppen\",\"description\":\"\",\"publisher\":{\"@id\":\"https:\/\/acg.se\/#organization\"},\"potentialAction\":[{\"@type\":\"SearchAction\",\"target\":{\"@type\":\"EntryPoint\",\"urlTemplate\":\"https:\/\/acg.se\/?s={search_term_string}\"},\"query-input\":\"required name=search_term_string\"}],\"inLanguage\":\"en-US\"},{\"@type\":\"Organization\",\"@id\":\"https:\/\/acg.se\/#organization\",\"name\":\"ACG Gruppen\",\"url\":\"https:\/\/acg.se\/\",\"logo\":{\"@type\":\"ImageObject\",\"inLanguage\":\"en-US\",\"@id\":\"https:\/\/acg.se\/#\/schema\/logo\/image\/\",\"url\":\"https:\/\/acg.se\/wp-content\/uploads\/ACG-Gruppen.webp\",\"contentUrl\":\"https:\/\/acg.se\/wp-content\/uploads\/ACG-Gruppen.webp\",\"width\":406,\"height\":138,\"caption\":\"ACG Gruppen\"},\"image\":{\"@id\":\"https:\/\/acg.se\/#\/schema\/logo\/image\/\"}}]}<\/script>\n<!-- \/ Yoast SEO plugin. -->","yoast_head_json":{"title":"Global Companies - ACG Gruppen","robots":{"index":"index","follow":"follow","max-snippet":"max-snippet:-1","max-image-preview":"max-image-preview:large","max-video-preview":"max-video-preview:-1"},"canonical":"https:\/\/acg.se\/en\/global-companies\/","og_locale":"en_US","og_type":"article","og_title":"Global Companies - ACG Gruppen","og_description":"Global Companies ACG Nystr\u00f6m Aps Ikast, Denmark www.acgnystrom.dk ACG Nystr\u00f6m Oy Helsinki, Finland www.acgnystrom.fi ACG Nystr\u00f6m Eesti Ou Tallinn, Estonia www.acgn.ee ACG Nystr\u00f6m Ltd Riga, Latvia www.acg.lv UAB ACG Nystr\u00f6m Kaunas, Lithuania www.acgnystrom.lt LLC ACG Nystr\u00f6m Lviv, Ukraine www.acg.net.ua ACG Accent Ltd Kwai Chung, Hong Kong www.acgaccent.hk","og_url":"https:\/\/acg.se\/en\/global-companies\/","og_site_name":"ACG Gruppen","article_modified_time":"2023-05-04T07:57:50+00:00","og_image":[{"url":"https:\/\/acg.se\/wp-content\/uploads\/DK.svg"}],"twitter_card":"summary_large_image","schema":{"@context":"https:\/\/schema.org","@graph":[{"@type":"WebPage","@id":"https:\/\/acg.se\/en\/global-companies\/","url":"https:\/\/acg.se\/en\/global-companies\/","name":"Global Companies - ACG Gruppen","isPartOf":{"@id":"https:\/\/acg.se\/#website"},"datePublished":"2023-04-13T09:32:56+00:00","dateModified":"2023-05-04T07:57:50+00:00","breadcrumb":{"@id":"https:\/\/acg.se\/en\/global-companies\/#breadcrumb"},"inLanguage":"en-US","potentialAction":[{"@type":"ReadAction","target":["https:\/\/acg.se\/en\/global-companies\/"]}]},{"@type":"BreadcrumbList","@id":"https:\/\/acg.se\/en\/global-companies\/#breadcrumb","itemListElement":[{"@type":"ListItem","position":1,"name":"Hem","item":"https:\/\/acg.se\/en\/"},{"@type":"ListItem","position":2,"name":"Global Companies"}]},{"@type":"WebSite","@id":"https:\/\/acg.se\/#website","url":"https:\/\/acg.se\/","name":"ACG Gruppen","description":"","publisher":{"@id":"https:\/\/acg.se\/#organization"},"potentialAction":[{"@type":"SearchAction","target":{"@type":"EntryPoint","urlTemplate":"https:\/\/acg.se\/?s={search_term_string}"},"query-input":"required name=search_term_string"}],"inLanguage":"en-US"},{"@type":"Organization","@id":"https:\/\/acg.se\/#organization","name":"ACG Gruppen","url":"https:\/\/acg.se\/","logo":{"@type":"ImageObject","inLanguage":"en-US","@id":"https:\/\/acg.se\/#\/schema\/logo\/image\/","url":"https:\/\/acg.se\/wp-content\/uploads\/ACG-Gruppen.webp","contentUrl":"https:\/\/acg.se\/wp-content\/uploads\/ACG-Gruppen.webp","width":406,"height":138,"caption":"ACG Gruppen"},"image":{"@id":"https:\/\/acg.se\/#\/schema\/logo\/image\/"}}]}},"_links":{"self":[{"href":"https:\/\/acg.se\/en\/wp-json\/wp\/v2\/pages\/903","targetHints":{"allow":["GET"]}}],"collection":[{"href":"https:\/\/acg.se\/en\/wp-json\/wp\/v2\/pages"}],"about":[{"href":"https:\/\/acg.se\/en\/wp-json\/wp\/v2\/types\/page"}],"author":[{"embeddable":true,"href":"https:\/\/acg.se\/en\/wp-json\/wp\/v2\/users\/1"}],"replies":[{"embeddable":true,"href":"https:\/\/acg.se\/en\/wp-json\/wp\/v2\/comments?post=903"}],"version-history":[{"count":4,"href":"https:\/\/acg.se\/en\/wp-json\/wp\/v2\/pages\/903\/revisions"}],"predecessor-version":[{"id":907,"href":"https:\/\/acg.se\/en\/wp-json\/wp\/v2\/pages\/903\/revisions\/907"}],"wp:attachment":[{"href":"https:\/\/acg.se\/en\/wp-json\/wp\/v2\/media?parent=903"}],"curies":[{"name":"wp","href":"https:\/\/api.w.org\/{rel}","templated":true}]}}